{"id":506,"date":"2020-12-22T02:16:27","date_gmt":"2020-12-22T02:16:27","guid":{"rendered":"http:\/\/sw-themes.com\/porto_dummy\/?page_id=506"},"modified":"2023-05-19T11:49:21","modified_gmt":"2023-05-19T11:49:21","slug":"chi-siamo","status":"publish","type":"page","link":"https:\/\/ecocleanbari.it\/index.php\/chi-siamo\/","title":{"rendered":"Chi siamo"},"content":{"rendered":"<section class=\"wpb-content-wrapper\"><p>[vc_section css=&#8221;.vc_custom_1683021455188{margin-top: 40px !important;margin-right: 40px !important;margin-bottom: 40px !important;margin-left: 40px !important;}&#8221; conditional_render=&#8221;%5B%7B%22value_role%22%3A%22administrator%22%7D%5D&#8221;][vc_row][vc_column width=&#8221;1\/2&#8243; css=&#8221;.vc_custom_1683021419374{margin-left: 0px !important;}&#8221; conditional_render=&#8221;%5B%7B%22value_role%22%3A%22administrator%22%7D%5D&#8221;][vc_custom_heading text=&#8221;ECOCLEAN&#8221; font_container=&#8221;tag:h4|font_size:1.2em|text_align:left|color:%2303ad2b|line_height:1.3&#8243; use_theme_fonts=&#8221;yes&#8221; text_transform=&#8221;text-uppercase&#8221; font_weight=&#8221;600&#8243; animation_delay=&#8221;1000&#8243; el_class=&#8221;mb-2 d-inline-block&#8221; animation_type=&#8221;fadeInLeft&#8221;][vc_custom_heading text=&#8221;Chi siamo&#8221; font_container=&#8221;tag:h3|font_size:2.75em|text_align:left|color:%2300a1cd|line_height:1.2&#8243; use_theme_fonts=&#8221;yes&#8221; font_weight=&#8221;700&#8243; skin=&#8221;secondary&#8221; letter_spacing=&#8221;-.05em&#8221; animation_delay=&#8221;1200&#8243; el_class=&#8221;custom-heading1 mb-4&#8243; animation_type=&#8221;fadeInUp&#8221;][vc_custom_heading text=&#8221;EcoClean \u00e8 un&#8217;impresa di pulizia con un&#8217;esperienza pluridecennale nel settore. Fondata nel 2017, ha saputo crescere ed evolversi diventando una realt\u00e0 di riferimento per la pulizia di uffici, negozi, condomini e altri ambienti.<\/p>\n<p>Grazie alla professionalit\u00e0 e alla competenza del suo team di oltre 20 dipendenti, EcoClean \u00e8 in grado di offrire un servizio di pulizia impeccabile e su misura per ogni esigenza.&#8221; font_container=&#8221;tag:p|text_align:left|color:%23777777|line_height:26px&#8221; use_theme_fonts=&#8221;yes&#8221; font_weight=&#8221;400&#8243; letter_spacing=&#8221;0px&#8221; animation_delay=&#8221;1600&#8243; el_class=&#8221;mb-4&#8243; animation_type=&#8221;fadeInUp&#8221;][vc_custom_heading text=&#8221;Ogni membro del team \u00e8 altamente qualificato e dotato di tutte le competenze necessarie per svolgere al meglio il proprio lavoro.<\/p>\n<p>La pluridecennale esperienza di EcoClean nel settore della pulizia \u00e8 garanzia di qualit\u00e0 e affidabilit\u00e0 per i propri clienti.<\/p>\n<p>EcoClean utilizza solo prodotti di alta qualit\u00e0 e tecniche avanzate per garantire la massima igiene e pulizia degli ambienti.<\/p>\n<p>Grazie alla sua lunga esperienza nel settore, EcoClean \u00e8 in grado di soddisfare ogni esigenza e di offrire soluzioni personalizzate per ogni tipo di ambiente.&#8221; font_container=&#8221;tag:p|text_align:left|color:%23777777|line_height:26px&#8221; use_theme_fonts=&#8221;yes&#8221; font_weight=&#8221;400&#8243; letter_spacing=&#8221;0px&#8221; animation_delay=&#8221;1600&#8243; el_class=&#8221;mb-0&#8243; animation_type=&#8221;fadeInUp&#8221;][\/vc_column][vc_column width=&#8221;1\/2&#8243;][vc_single_image image=&#8221;3984&#8243; img_size=&#8221;full&#8221; alignment=&#8221;center&#8221; css=&#8221;.vc_custom_1683544225687{padding-top: 0px !important;padding-right: 70px !important;padding-bottom: 70px !important;padding-left: 70px !important;}&#8221;][\/vc_column][\/vc_row][\/vc_section][vc_row][vc_column][\/vc_column][\/vc_row]<\/p>\n<\/section>","protected":false},"excerpt":{"rendered":"<p>[vc_section css=&#8221;.vc_custom_1683021455188{margin-top: 40px !important;margin-right: 40px !important;margin-bottom: 40px !important;margin-left: 40px !important;}&#8221; conditional_render=&#8221;%5B%7B%22value_role%22%3A%22administrator%22%7D%5D&#8221;][vc_row][vc_column width=&#8221;1\/2&#8243; css=&#8221;.vc_custom_1683021419374{margin-left: 0px !important;}&#8221; conditional_render=&#8221;%5B%7B%22value_role%22%3A%22administrator%22%7D%5D&#8221;][vc_custom_heading text=&#8221;ECOCLEAN&#8221; font_container=&#8221;tag:h4|font_size:1.2em|text_align:left|color:%2303ad2b|line_height:1.3&#8243; use_theme_fonts=&#8221;yes&#8221; text_transform=&#8221;text-uppercase&#8221; font_weight=&#8221;600&#8243; animation_delay=&#8221;1000&#8243; el_class=&#8221;mb-2 d-inline-block&#8221; animation_type=&#8221;fadeInLeft&#8221;][vc_custom_heading text=&#8221;Chi siamo&#8221; font_container=&#8221;tag:h3|font_size:2.75em|text_align:left|color:%2300a1cd|line_height:1.2&#8243; use_theme_fonts=&#8221;yes&#8221; font_weight=&#8221;700&#8243; skin=&#8221;secondary&#8221; letter_spacing=&#8221;-.05em&#8221; animation_delay=&#8221;1200&#8243; el_class=&#8221;custom-heading1 mb-4&#8243; animation_type=&#8221;fadeInUp&#8221;][vc_custom_heading text=&#8221;EcoClean \u00e8 un&#8217;impresa di pulizia con un&#8217;esperienza pluridecennale nel settore. Fondata nel 2017, ha saputo crescere ed evolversi diventando [&hellip;]<\/p>\n","protected":false},"author":1,"featured_media":0,"parent":0,"menu_order":0,"comment_status":"closed","ping_status":"closed","template":"","meta":{"footnotes":""},"class_list":["post-506","page","type-page","status-publish","hentry"],"acf":[],"_links":{"self":[{"href":"https:\/\/ecocleanbari.it\/index.php\/wp-json\/wp\/v2\/pages\/506","targetHints":{"allow":["GET"]}}],"collection":[{"href":"https:\/\/ecocleanbari.it\/index.php\/wp-json\/wp\/v2\/pages"}],"about":[{"href":"https:\/\/ecocleanbari.it\/index.php\/wp-json\/wp\/v2\/types\/page"}],"author":[{"embeddable":true,"href":"https:\/\/ecocleanbari.it\/index.php\/wp-json\/wp\/v2\/users\/1"}],"replies":[{"embeddable":true,"href":"https:\/\/ecocleanbari.it\/index.php\/wp-json\/wp\/v2\/comments?post=506"}],"version-history":[{"count":19,"href":"https:\/\/ecocleanbari.it\/index.php\/wp-json\/wp\/v2\/pages\/506\/revisions"}],"predecessor-version":[{"id":4116,"href":"https:\/\/ecocleanbari.it\/index.php\/wp-json\/wp\/v2\/pages\/506\/revisions\/4116"}],"wp:attachment":[{"href":"https:\/\/ecocleanbari.it\/index.php\/wp-json\/wp\/v2\/media?parent=506"}],"curies":[{"name":"wp","href":"https:\/\/api.w.org\/{rel}","templated":true}]}}